{"id":2,"date":"2022-02-25T16:54:15","date_gmt":"2022-02-25T16:54:15","guid":{"rendered":"http:\/\/alherrerajrcpa.com\/?page_id=2"},"modified":"2022-02-26T15:44:40","modified_gmt":"2022-02-26T22:44:40","slug":"home-page","status":"publish","type":"page","link":"https:\/\/alherrerajrcpa.com\/es\/","title":{"rendered":"Casa"},"content":{"rendered":"<p>\u00a1Se Habla Espa\u00f1ol!<\/p>\n\n\n\n<p>Albert Herrera Jr CPA es un contador receptivo de Lakewood, CO, que brinda asistencia con la contabilidad, la administraci\u00f3n de n\u00f3minas y la planificaci\u00f3n fiscal para ayudar a los propietarios de peque\u00f1as empresas a tener \u00e9xito. Nuestro experimentado equipo ofrece contabilidad personalizada con \u00e9nfasis en la precisi\u00f3n, los resultados oportunos y la satisfacci\u00f3n del cliente.<\/p>\n\n\n\n<p>Hacemos que sea una prioridad principal ayudar a cada cliente a alcanzar sus objetivos financieros. Es por eso que adoptamos un enfoque sistem\u00e1tico y proactivo de la contabilidad. Nuestros CPA capacitados poseen las habilidades y el conocimiento para enfrentar cualquier desaf\u00edo, y apreciar\u00e1 nuestras tarifas competitivas y horarios flexibles. Perm\u00edtanos personalizar los servicios seg\u00fan sus necesidades \u00fanicas.<\/p>\n\n\n\n<h3 class=\"wp-block-heading\">Perm\u00edtanos Administrar los Detalles<\/h3>\n\n\n\n<p>Si ha estado buscando un contador competente en Lakewood, CO, para manejar sus libros y registros, recurra a los especialistas Albert Herrera Jr CPA o soluciones. Entendemos los muchos obst\u00e1culos que existen en el complejo escenario empresarial actual y trabajaremos arduamente para ahorrarle tiempo y dinero. Para obtener m\u00e1s informaci\u00f3n o programar una cita, comun\u00edquese con nuestra oficina hoy.<\/p>","protected":false},"excerpt":{"rendered":"<p>\u00a1Se Habla Espa\u00f1ol! Albert Herrera Jr CPA is a responsive Lakewood, CO, accountant that provides assistance with bookkeeping, payroll management, and tax planning to help small business owners succeed. Our experienced team offers personalized accounting with a emphasis on accuracy, timely results, and client satisfaction. We make it a leading priority to help each client<span class=\"post-excerpt-end\">&hellip;<\/span><\/p>\n<p class=\"more-link\"><a href=\"https:\/\/alherrerajrcpa.com\/es\/\" class=\"themebutton\">Read More<\/a><\/p>","protected":false},"author":1,"featured_media":0,"parent":0,"menu_order":0,"comment_status":"closed","ping_status":"closed","template":"","meta":{"footnotes":""},"class_list":["post-2","page","type-page","status-publish","hentry"],"_links":{"self":[{"href":"https:\/\/alherrerajrcpa.com\/es\/wp-json\/wp\/v2\/pages\/2","targetHints":{"allow":["GET"]}}],"collection":[{"href":"https:\/\/alherrerajrcpa.com\/es\/wp-json\/wp\/v2\/pages"}],"about":[{"href":"https:\/\/alherrerajrcpa.com\/es\/wp-json\/wp\/v2\/types\/page"}],"author":[{"embeddable":true,"href":"https:\/\/alherrerajrcpa.com\/es\/wp-json\/wp\/v2\/users\/1"}],"replies":[{"embeddable":true,"href":"https:\/\/alherrerajrcpa.com\/es\/wp-json\/wp\/v2\/comments?post=2"}],"version-history":[{"count":6,"href":"https:\/\/alherrerajrcpa.com\/es\/wp-json\/wp\/v2\/pages\/2\/revisions"}],"predecessor-version":[{"id":56,"href":"https:\/\/alherrerajrcpa.com\/es\/wp-json\/wp\/v2\/pages\/2\/revisions\/56"}],"wp:attachment":[{"href":"https:\/\/alherrerajrcpa.com\/es\/wp-json\/wp\/v2\/media?parent=2"}],"curies":[{"name":"wp","href":"https:\/\/api.w.org\/{rel}","templated":true}]}}