{"id":20,"date":"2022-02-25T10:33:00","date_gmt":"2022-02-25T17:33:00","guid":{"rendered":"https:\/\/alherrerajrcpa.com\/?page_id=20"},"modified":"2022-02-25T10:33:00","modified_gmt":"2022-02-25T17:33:00","slug":"accounting","status":"publish","type":"page","link":"https:\/\/alherrerajrcpa.com\/es\/accounting\/","title":{"rendered":"Contabilidad"},"content":{"rendered":"<p>Albert Herrera Jr CPA es un contador profesional de confianza en Lakewood, CO, que ofrece asesoramiento financiero personalizado y servicios impositivos. Trabajamos con individuos y empresas proporcionando contabilidad coherente y significativa de manera oportuna. Puede contar con nosotros para una atenci\u00f3n cercana a cada detalle y un fuerte compromiso con su satisfacci\u00f3n.<\/p>\n\n\n\n<p>Ya sea que necesite una ayuda que rastree sus ingresos o mantenga sus impuestos en orden, tenemos las herramientas y los recursos para adaptar un plan financiero para que coincidan con sus metas y presupuesto. Nuestra contabilidad completa incluye la gesti\u00f3n de n\u00f3mina, la preparaci\u00f3n de impuestos, el apoyo de QuickBooks y la contabilidad. Se beneficiar\u00e1 de nuestros precios competitivos y horas flexibles.<\/p>\n\n\n\n<h3 class=\"wp-block-heading\">Estamos para Servirle<\/h3>\n\n\n\n<p>En Albert Herrera Jr CPA, somos un contador profesional de Lakewood, CO, que est\u00e1 listo para enfrentar cualquier desaf\u00edo. Desde la planificaci\u00f3n financiera hasta la liquidaci\u00f3n del patrimonio, le haremos la vida mucho m\u00e1s f\u00e1cil. Con nosotros, sus finanzas siempre ser\u00e1n manejadas con precisi\u00f3n e integridad. Programe una consulta inicial poni\u00e9ndose en contacto con nosotros hoy.<\/p>","protected":false},"excerpt":{"rendered":"<p>Albert Herrera Jr CPA is a trusted Lakewood, CO, professional accountant that offers personalized financial advisory and tax services. We work with individuals and businesses by providing consistent, meaningful accounting in a timely fashion. You can count on us for close attention to every detail and a strong commitment to your satisfaction. Whether you need<span class=\"post-excerpt-end\">&hellip;<\/span><\/p>\n<p class=\"more-link\"><a href=\"https:\/\/alherrerajrcpa.com\/es\/accounting\/\" class=\"themebutton\">Read More<\/a><\/p>","protected":false},"author":1,"featured_media":0,"parent":0,"menu_order":0,"comment_status":"closed","ping_status":"closed","template":"","meta":{"footnotes":""},"class_list":["post-20","page","type-page","status-publish","hentry"],"_links":{"self":[{"href":"https:\/\/alherrerajrcpa.com\/es\/wp-json\/wp\/v2\/pages\/20","targetHints":{"allow":["GET"]}}],"collection":[{"href":"https:\/\/alherrerajrcpa.com\/es\/wp-json\/wp\/v2\/pages"}],"about":[{"href":"https:\/\/alherrerajrcpa.com\/es\/wp-json\/wp\/v2\/types\/page"}],"author":[{"embeddable":true,"href":"https:\/\/alherrerajrcpa.com\/es\/wp-json\/wp\/v2\/users\/1"}],"replies":[{"embeddable":true,"href":"https:\/\/alherrerajrcpa.com\/es\/wp-json\/wp\/v2\/comments?post=20"}],"version-history":[{"count":1,"href":"https:\/\/alherrerajrcpa.com\/es\/wp-json\/wp\/v2\/pages\/20\/revisions"}],"predecessor-version":[{"id":21,"href":"https:\/\/alherrerajrcpa.com\/es\/wp-json\/wp\/v2\/pages\/20\/revisions\/21"}],"wp:attachment":[{"href":"https:\/\/alherrerajrcpa.com\/es\/wp-json\/wp\/v2\/media?parent=20"}],"curies":[{"name":"wp","href":"https:\/\/api.w.org\/{rel}","templated":true}]}}