{"id":22,"date":"2022-02-25T10:33:46","date_gmt":"2022-02-25T17:33:46","guid":{"rendered":"https:\/\/alherrerajrcpa.com\/?page_id=22"},"modified":"2022-02-25T10:33:46","modified_gmt":"2022-02-25T17:33:46","slug":"auditing","status":"publish","type":"page","link":"https:\/\/alherrerajrcpa.com\/es\/auditing\/","title":{"rendered":"Revisi\u00f3n de cuentas"},"content":{"rendered":"<p>No importa el tama\u00f1o de su negocio, es importante asegurarse de mantener un control adecuado de sus finanzas mientras se adhiere a las normas y leyes de contabilidad generalmente aceptadas. Pero mantenerse al d\u00eda con las pr\u00e1cticas contables adecuadas requiere tiempo y energ\u00eda, e incluso si est\u00e1 dispuesto a esforzarse, es posible que no tenga los antecedentes necesarios para garantizar que su empresa cumpla realmente con las normas. Afortunadamente, ah\u00ed es donde entra en juego Albert Herrera Jr CPA. Nuestro equipo de profesionales contables altamente calificados puede revisar sus libros y pr\u00e1cticas para asegurarse de que est\u00e1 cumpliendo con la ley y aprovechando al m\u00e1ximo su flujo de ingresos.<\/p>\n\n\n\n<h3 class=\"wp-block-heading\">Cuidar de los Negocios<\/h3>\n\n\n\n<p>Entendemos que la auditor\u00eda es un proceso complejo y lento. Es por eso que nos comprometemos a manejar todos los detalles para que no tengas que preocuparte. Entraremos y realizaremos una auditor\u00eda exhaustiva y luego presentaremos nuestros hallazgos de manera clara y concisa. Y usaremos la discreci\u00f3n durante nuestra auditor\u00eda para evitar interrumpir su curso habitual de negocios.<\/p>\n\n\n\n<p>Para obtener m\u00e1s informaci\u00f3n sobre nuestros servicios de auditor\u00eda o para programar una consulta, llame hoy a Albert Herrera Jr CPA.&nbsp;<\/p>","protected":false},"excerpt":{"rendered":"<p>No matter the size of your business, it&#8217;s important to make sure you&#8217;re keeping proper tabs on your finances while adhering to generally accepted accounting standards and laws. But keeping up with proper accounting practices takes time and energy, and even if you&#8217;re willing to put in the effort, you may not have the background<span class=\"post-excerpt-end\">&hellip;<\/span><\/p>\n<p class=\"more-link\"><a href=\"https:\/\/alherrerajrcpa.com\/es\/auditing\/\" class=\"themebutton\">Read More<\/a><\/p>","protected":false},"author":1,"featured_media":0,"parent":0,"menu_order":0,"comment_status":"closed","ping_status":"closed","template":"","meta":{"footnotes":""},"class_list":["post-22","page","type-page","status-publish","hentry"],"_links":{"self":[{"href":"https:\/\/alherrerajrcpa.com\/es\/wp-json\/wp\/v2\/pages\/22","targetHints":{"allow":["GET"]}}],"collection":[{"href":"https:\/\/alherrerajrcpa.com\/es\/wp-json\/wp\/v2\/pages"}],"about":[{"href":"https:\/\/alherrerajrcpa.com\/es\/wp-json\/wp\/v2\/types\/page"}],"author":[{"embeddable":true,"href":"https:\/\/alherrerajrcpa.com\/es\/wp-json\/wp\/v2\/users\/1"}],"replies":[{"embeddable":true,"href":"https:\/\/alherrerajrcpa.com\/es\/wp-json\/wp\/v2\/comments?post=22"}],"version-history":[{"count":1,"href":"https:\/\/alherrerajrcpa.com\/es\/wp-json\/wp\/v2\/pages\/22\/revisions"}],"predecessor-version":[{"id":23,"href":"https:\/\/alherrerajrcpa.com\/es\/wp-json\/wp\/v2\/pages\/22\/revisions\/23"}],"wp:attachment":[{"href":"https:\/\/alherrerajrcpa.com\/es\/wp-json\/wp\/v2\/media?parent=22"}],"curies":[{"name":"wp","href":"https:\/\/api.w.org\/{rel}","templated":true}]}}