{"id":25,"date":"2022-02-25T10:34:39","date_gmt":"2022-02-25T17:34:39","guid":{"rendered":"https:\/\/alherrerajrcpa.com\/?page_id=25"},"modified":"2022-02-25T10:34:39","modified_gmt":"2022-02-25T17:34:39","slug":"bookkeeping","status":"publish","type":"page","link":"https:\/\/alherrerajrcpa.com\/es\/bookkeeping\/","title":{"rendered":"Tenedur\u00eda de libros"},"content":{"rendered":"<p>Ya sea propietario de una peque\u00f1a empresa, gerente de una corporaci\u00f3n mediana o trabajador independiente independiente, el equipo de Albert Herrera Jr CPA est\u00e1 a su servicio. Ofrecemos servicios integrales de contabilidad dise\u00f1ados para mantener sus finanzas bajo control.<\/p>\n\n\n\n<h3 class=\"wp-block-heading\">Tenga su Contabilidad Bajo Control<\/h3>\n\n\n\n<p>Hacer un seguimiento de las transacciones financieras, como compras, ventas y pagos, requiere una gran cantidad de tiempo, energ\u00eda y paciencia. Y como propietario o gerente de un negocio, probablemente tenga muchas otras cosas en su plato. As\u00ed que no se esfuerce por mantenerse al d\u00eda con todo ese papeleo y c\u00e1lculos num\u00e9ricos. Nuestros servicios de contabilidad est\u00e1n dise\u00f1ados para hacer su vida m\u00e1s f\u00e1cil para que pueda concentrarse en lo que hace mejor.<\/p>\n\n\n\n<p>En Albert Herrera Jr CPA, estamos dedicados a la satisfacci\u00f3n del cliente y estamos preparados para hacer un esfuerzo adicional para ganar su negocio y su confianza. Nos enorgullecemos de la atenci\u00f3n al detalle en todo lo que hacemos, y estamos listos para poner nuestras habilidades y conocimientos a trabajar para usted. Para obtener m\u00e1s informaci\u00f3n sobre nuestros servicios de contabilidad o para programar una consulta, ll\u00e1menos hoy.<\/p>","protected":false},"excerpt":{"rendered":"<p>Whether you&#8217;re a small business owner, a manager at a mid-sized corporation, or a self-employed freelancer, the team at Albert Herrera Jr CPA is at your service. We offer comprehensive bookkeeping services designed to keep your finances in check. Get Your Bookkeeping Under Control Keeping track of financial transactions such as purchases, sales, and payments<span class=\"post-excerpt-end\">&hellip;<\/span><\/p>\n<p class=\"more-link\"><a href=\"https:\/\/alherrerajrcpa.com\/es\/bookkeeping\/\" class=\"themebutton\">Read More<\/a><\/p>","protected":false},"author":1,"featured_media":0,"parent":0,"menu_order":0,"comment_status":"closed","ping_status":"closed","template":"","meta":{"footnotes":""},"class_list":["post-25","page","type-page","status-publish","hentry"],"_links":{"self":[{"href":"https:\/\/alherrerajrcpa.com\/es\/wp-json\/wp\/v2\/pages\/25","targetHints":{"allow":["GET"]}}],"collection":[{"href":"https:\/\/alherrerajrcpa.com\/es\/wp-json\/wp\/v2\/pages"}],"about":[{"href":"https:\/\/alherrerajrcpa.com\/es\/wp-json\/wp\/v2\/types\/page"}],"author":[{"embeddable":true,"href":"https:\/\/alherrerajrcpa.com\/es\/wp-json\/wp\/v2\/users\/1"}],"replies":[{"embeddable":true,"href":"https:\/\/alherrerajrcpa.com\/es\/wp-json\/wp\/v2\/comments?post=25"}],"version-history":[{"count":1,"href":"https:\/\/alherrerajrcpa.com\/es\/wp-json\/wp\/v2\/pages\/25\/revisions"}],"predecessor-version":[{"id":26,"href":"https:\/\/alherrerajrcpa.com\/es\/wp-json\/wp\/v2\/pages\/25\/revisions\/26"}],"wp:attachment":[{"href":"https:\/\/alherrerajrcpa.com\/es\/wp-json\/wp\/v2\/media?parent=25"}],"curies":[{"name":"wp","href":"https:\/\/api.w.org\/{rel}","templated":true}]}}