{"id":31,"date":"2022-02-25T10:36:33","date_gmt":"2022-02-25T17:36:33","guid":{"rendered":"https:\/\/alherrerajrcpa.com\/?page_id=31"},"modified":"2022-02-25T10:36:33","modified_gmt":"2022-02-25T17:36:33","slug":"payroll","status":"publish","type":"page","link":"https:\/\/alherrerajrcpa.com\/es\/payroll\/","title":{"rendered":"N\u00f3mina de sueldos"},"content":{"rendered":"<p>\u00bfEst\u00e1 buscando una manera de optimizar sus procesos de n\u00f3mina y generaci\u00f3n de informes? Ayudemos Albert Herrera Jr CPA se enorgullece de brindar servicios de n\u00f3mina expertos y sin complicaciones para empresas de todos los tama\u00f1os. Nuestro equipo elimina la carga de las tediosas tareas de n\u00f3mina de su personal y garantiza que se atienda hasta el m\u00e1s m\u00ednimo detalle. Desde la configuraci\u00f3n hasta los informes, nos encargamos de todos los aspectos de este importante trabajo para que pueda hacer lo que mejor sabe hacer: administrar su negocio de manera efectiva.<\/p>\n\n\n\n<h3 class=\"wp-block-heading\">Tus Necesidades Primero<\/h3>\n\n\n\n<p>En Albert Herrera Jr CPA, estamos comprometidos con la calidad y la satisfacci\u00f3n del cliente. Nuestros servicios profesionales est\u00e1n dise\u00f1ados para brindarle soluciones confiables y rentables a los desaf\u00edos de n\u00f3mina de su empresa. Y nuestra dedicaci\u00f3n al \u00e9xito de su empresa significa que puede contar con nosotros para recibir cheques de pago e informes sin errores.<\/p>\n\n\n\n<p>No pierda su valioso tiempo en engorrosas tareas de n\u00f3mina. Ll\u00e1menos hoy para una consulta y obtenga m\u00e1s informaci\u00f3n sobre c\u00f3mo nuestros servicios de n\u00f3mina pueden beneficiarlo.<\/p>","protected":false},"excerpt":{"rendered":"<p>Looking for a way to streamline your payroll and reporting processes? Let us help. Albert Herrera Jr CPA proudly provides expert, hassle-free payroll services for companies of all sizes. Our team removes the burden of tedious payroll tasks from your staff and ensures that even the smallest of details are attended to. From setup to<span class=\"post-excerpt-end\">&hellip;<\/span><\/p>\n<p class=\"more-link\"><a href=\"https:\/\/alherrerajrcpa.com\/es\/payroll\/\" class=\"themebutton\">Read More<\/a><\/p>","protected":false},"author":1,"featured_media":0,"parent":0,"menu_order":0,"comment_status":"closed","ping_status":"closed","template":"","meta":{"footnotes":""},"class_list":["post-31","page","type-page","status-publish","hentry"],"_links":{"self":[{"href":"https:\/\/alherrerajrcpa.com\/es\/wp-json\/wp\/v2\/pages\/31","targetHints":{"allow":["GET"]}}],"collection":[{"href":"https:\/\/alherrerajrcpa.com\/es\/wp-json\/wp\/v2\/pages"}],"about":[{"href":"https:\/\/alherrerajrcpa.com\/es\/wp-json\/wp\/v2\/types\/page"}],"author":[{"embeddable":true,"href":"https:\/\/alherrerajrcpa.com\/es\/wp-json\/wp\/v2\/users\/1"}],"replies":[{"embeddable":true,"href":"https:\/\/alherrerajrcpa.com\/es\/wp-json\/wp\/v2\/comments?post=31"}],"version-history":[{"count":1,"href":"https:\/\/alherrerajrcpa.com\/es\/wp-json\/wp\/v2\/pages\/31\/revisions"}],"predecessor-version":[{"id":32,"href":"https:\/\/alherrerajrcpa.com\/es\/wp-json\/wp\/v2\/pages\/31\/revisions\/32"}],"wp:attachment":[{"href":"https:\/\/alherrerajrcpa.com\/es\/wp-json\/wp\/v2\/media?parent=31"}],"curies":[{"name":"wp","href":"https:\/\/api.w.org\/{rel}","templated":true}]}}