{"id":33,"date":"2022-02-25T10:37:20","date_gmt":"2022-02-25T17:37:20","guid":{"rendered":"https:\/\/alherrerajrcpa.com\/?page_id=33"},"modified":"2022-02-25T10:37:20","modified_gmt":"2022-02-25T17:37:20","slug":"quickbooks-accounting","status":"publish","type":"page","link":"https:\/\/alherrerajrcpa.com\/es\/quickbooks-accounting\/","title":{"rendered":"Contabilidad QuickBooks"},"content":{"rendered":"<p>A pesar de la popularidad de QuickBooks, muchas personas y empresas reportan numerosas dificultades con su uso. En Albert Herrera Jr CPA, estamos aqu\u00ed para eliminar las conjeturas de la ecuaci\u00f3n con los servicios integrales de contabilidad de QuickBooks. Nuestro equipo puede brindarle la consultor\u00eda y la capacitaci\u00f3n que necesita para usar QuickBooks en un abrir y cerrar de ojos.<\/p>\n\n\n\n<h3 class=\"wp-block-heading\">A su Servicio<\/h3>\n\n\n\n<p>En Albert Herrera Jr CPA, entendemos que tienes necesidades espec\u00edficas. Es por eso que personalizaremos nuestros servicios para satisfacer sus requisitos \u00fanicos. Ya sea que necesite ayuda para configurar QuickBooks o navegar por sus funciones m\u00e1s detalladas, estamos a su servicio. Nuestros servicios de capacitaci\u00f3n y consultor\u00eda est\u00e1n disponibles de forma individual oa gran escala; no importa cu\u00e1ntos empleados est\u00e9 buscando capacitar, podemos satisfacer sus necesidades. Nuestro compromiso es ayudar a clientes como usted a ahorrar tiempo, aumentar la eficiencia y obtener las habilidades y los conocimientos necesarios para aprovechar QuickBooks al m\u00e1ximo.<\/p>\n\n\n\n<p>Ll\u00e1menos hoy para obtener m\u00e1s informaci\u00f3n sobre nuestros servicios de contabilidad de QuickBooks o para programar una consulta para analizar sus necesidades.<\/p>","protected":false},"excerpt":{"rendered":"<p>Despite the popularity of QuickBooks, many individuals and businesses alike report numerous difficulties with its use.&nbsp;At Albert Herrera Jr CPA, we&#8217;re here to take the guesswork out of the equation with comprehensive QuickBooks accounting services. Our team can provide the consulting and training you need to make using QuickBooks a snap. At Your Service At<span class=\"post-excerpt-end\">&hellip;<\/span><\/p>\n<p class=\"more-link\"><a href=\"https:\/\/alherrerajrcpa.com\/es\/quickbooks-accounting\/\" class=\"themebutton\">Read More<\/a><\/p>","protected":false},"author":1,"featured_media":0,"parent":0,"menu_order":0,"comment_status":"closed","ping_status":"closed","template":"","meta":{"footnotes":""},"class_list":["post-33","page","type-page","status-publish","hentry"],"_links":{"self":[{"href":"https:\/\/alherrerajrcpa.com\/es\/wp-json\/wp\/v2\/pages\/33","targetHints":{"allow":["GET"]}}],"collection":[{"href":"https:\/\/alherrerajrcpa.com\/es\/wp-json\/wp\/v2\/pages"}],"about":[{"href":"https:\/\/alherrerajrcpa.com\/es\/wp-json\/wp\/v2\/types\/page"}],"author":[{"embeddable":true,"href":"https:\/\/alherrerajrcpa.com\/es\/wp-json\/wp\/v2\/users\/1"}],"replies":[{"embeddable":true,"href":"https:\/\/alherrerajrcpa.com\/es\/wp-json\/wp\/v2\/comments?post=33"}],"version-history":[{"count":1,"href":"https:\/\/alherrerajrcpa.com\/es\/wp-json\/wp\/v2\/pages\/33\/revisions"}],"predecessor-version":[{"id":34,"href":"https:\/\/alherrerajrcpa.com\/es\/wp-json\/wp\/v2\/pages\/33\/revisions\/34"}],"wp:attachment":[{"href":"https:\/\/alherrerajrcpa.com\/es\/wp-json\/wp\/v2\/media?parent=33"}],"curies":[{"name":"wp","href":"https:\/\/api.w.org\/{rel}","templated":true}]}}