{"id":35,"date":"2022-02-25T10:38:04","date_gmt":"2022-02-25T17:38:04","guid":{"rendered":"https:\/\/alherrerajrcpa.com\/?page_id=35"},"modified":"2022-02-25T10:38:04","modified_gmt":"2022-02-25T17:38:04","slug":"small-business-accounting","status":"publish","type":"page","link":"https:\/\/alherrerajrcpa.com\/es\/small-business-accounting\/","title":{"rendered":"Contabilidad de peque\u00f1as empresas"},"content":{"rendered":"<p>Dirigir una peque\u00f1a empresa requiere tiempo y dedicaci\u00f3n. Pero si usted es como la mayor\u00eda de los propietarios y gerentes de peque\u00f1as empresas, ya tiene mucho en su plato. \u00bfPor qu\u00e9 agregar la contabilidad a su lista cada vez mayor de responsabilidades cuando nuestro equipo est\u00e1 disponible para ayudarlo? En Albert Herrera Jr CPA, ofrecemos una variedad de servicios de contabilidad para peque\u00f1as empresas a organizaciones locales en Lakewood, CO y sus alrededores.<\/p>\n\n\n\n<h3 class=\"wp-block-heading\">Perm\u00edtanos Hacer su C\u00e1lculo de N\u00fameros<\/h3>\n\n\n\n<p>No hay duda de que la contabilidad es de importancia clave para el \u00e9xito de cualquier negocio. Un contador de peque\u00f1as empresas de Albert Herrera Jr CPA puede administrar sus libros, cuadrar sus libros mayores y realizar todos los c\u00e1lculos num\u00e9ricos para ahorrarle dinero a su negocio y ayudarlo a mantener su balance final.<\/p>\n\n\n\n<h3 class=\"wp-block-heading\">Un Aquipo Amigable y Accesible<\/h3>\n\n\n\n<p>Nuestros profesionales de la contabilidad disfrutan trabajar con representantes y propietarios de peque\u00f1as empresas como usted. Nos enorgullecemos de ser accesibles y f\u00e1ciles de trabajar; y nos enorgullecemos de nuestra dedicaci\u00f3n a la satisfacci\u00f3n del cliente.<\/p>\n\n\n\n<p>Ll\u00e1menos hoy para obtener m\u00e1s informaci\u00f3n sobre nuestros servicios de contabilidad para peque\u00f1as empresas o para programar una consulta para analizar sus necesidades.<\/p>","protected":false},"excerpt":{"rendered":"<p>Running a small business takes time and dedication. But if you&#8217;re like most small business owners and managers, you&#8217;ve already got a lot on your plate. Why add accounting to your ever-growing list of responsibilities when our team is on hand to help? At Albert Herrera Jr CPA, we offer a variety of small business<span class=\"post-excerpt-end\">&hellip;<\/span><\/p>\n<p class=\"more-link\"><a href=\"https:\/\/alherrerajrcpa.com\/es\/small-business-accounting\/\" class=\"themebutton\">Read More<\/a><\/p>","protected":false},"author":1,"featured_media":0,"parent":0,"menu_order":0,"comment_status":"closed","ping_status":"closed","template":"","meta":{"footnotes":""},"class_list":["post-35","page","type-page","status-publish","hentry"],"_links":{"self":[{"href":"https:\/\/alherrerajrcpa.com\/es\/wp-json\/wp\/v2\/pages\/35","targetHints":{"allow":["GET"]}}],"collection":[{"href":"https:\/\/alherrerajrcpa.com\/es\/wp-json\/wp\/v2\/pages"}],"about":[{"href":"https:\/\/alherrerajrcpa.com\/es\/wp-json\/wp\/v2\/types\/page"}],"author":[{"embeddable":true,"href":"https:\/\/alherrerajrcpa.com\/es\/wp-json\/wp\/v2\/users\/1"}],"replies":[{"embeddable":true,"href":"https:\/\/alherrerajrcpa.com\/es\/wp-json\/wp\/v2\/comments?post=35"}],"version-history":[{"count":1,"href":"https:\/\/alherrerajrcpa.com\/es\/wp-json\/wp\/v2\/pages\/35\/revisions"}],"predecessor-version":[{"id":36,"href":"https:\/\/alherrerajrcpa.com\/es\/wp-json\/wp\/v2\/pages\/35\/revisions\/36"}],"wp:attachment":[{"href":"https:\/\/alherrerajrcpa.com\/es\/wp-json\/wp\/v2\/media?parent=35"}],"curies":[{"name":"wp","href":"https:\/\/api.w.org\/{rel}","templated":true}]}}