{"id":37,"date":"2022-02-25T10:38:31","date_gmt":"2022-02-25T17:38:31","guid":{"rendered":"https:\/\/alherrerajrcpa.com\/?page_id=37"},"modified":"2022-02-25T10:38:31","modified_gmt":"2022-02-25T17:38:31","slug":"tax-prep","status":"publish","type":"page","link":"https:\/\/alherrerajrcpa.com\/es\/tax-prep\/","title":{"rendered":"Preparaci\u00f3n de impuestos"},"content":{"rendered":"<p>Albert Herrera Jr CPA es una firma de preparaci\u00f3n de impuestos altamente experimentada en Lakewood, CO, que ofrece una gama de servicios financieros para individuos, sucesiones y propietarios de peque\u00f1as empresas. Nuestros CPA se comprometen a brindar resultados precisos y oportunos, y estar\u00e1 satisfecho con nuestra s\u00f3lida atenci\u00f3n al cliente. Puede confiar en nosotros para una respuesta r\u00e1pida y servicio durante todo el a\u00f1o.<\/p>\n\n\n\n<p>Preparar su propia declaraci\u00f3n se est\u00e1 volviendo cada vez m\u00e1s dif\u00edcil debido a los cambios recientes en las reglas y regulaciones, por lo que es beneficioso tener un contador experto de su lado. Perm\u00edtanos desarrollar una estrategia efectiva de planificaci\u00f3n fiscal que le ahorre tiempo, dinero y dolores de cabeza. Trabajaremos arduamente para encontrar las deducciones y los descansos que se merece.<\/p>\n\n\n\n<h3 class=\"wp-block-heading\">El Apoyo que Necesita<\/h3>\n\n\n\n<p>Cuando busque un especialista en preparaci\u00f3n de impuestos de Lakewood, CO, dedicado a la satisfacci\u00f3n del cliente, no busque m\u00e1s all\u00e1 de Albert Herrera Jr CPA. Ofrecemos horarios flexibles y convenientes y precios asequibles. Ya sea que presente una declaraci\u00f3n anual, trimestral o mensual, podemos reducir su obligaci\u00f3n tributaria. Ll\u00e1menos hoy para obtener m\u00e1s detalles o para programar una visita.<\/p>","protected":false},"excerpt":{"rendered":"<p>Albert Herrera Jr CPA is a highly experienced Lakewood, CO, tax preparation firm that offers a range of financial services for individuals, estates, and small business owners. Our CPAs are committed to delivering accurate, timely results, and you&#8217;ll be pleased with our strong customer support. You can rely on us for fast response and year-round<span class=\"post-excerpt-end\">&hellip;<\/span><\/p>\n<p class=\"more-link\"><a href=\"https:\/\/alherrerajrcpa.com\/es\/tax-prep\/\" class=\"themebutton\">Read More<\/a><\/p>","protected":false},"author":1,"featured_media":0,"parent":0,"menu_order":0,"comment_status":"closed","ping_status":"closed","template":"","meta":{"footnotes":""},"class_list":["post-37","page","type-page","status-publish","hentry"],"_links":{"self":[{"href":"https:\/\/alherrerajrcpa.com\/es\/wp-json\/wp\/v2\/pages\/37","targetHints":{"allow":["GET"]}}],"collection":[{"href":"https:\/\/alherrerajrcpa.com\/es\/wp-json\/wp\/v2\/pages"}],"about":[{"href":"https:\/\/alherrerajrcpa.com\/es\/wp-json\/wp\/v2\/types\/page"}],"author":[{"embeddable":true,"href":"https:\/\/alherrerajrcpa.com\/es\/wp-json\/wp\/v2\/users\/1"}],"replies":[{"embeddable":true,"href":"https:\/\/alherrerajrcpa.com\/es\/wp-json\/wp\/v2\/comments?post=37"}],"version-history":[{"count":1,"href":"https:\/\/alherrerajrcpa.com\/es\/wp-json\/wp\/v2\/pages\/37\/revisions"}],"predecessor-version":[{"id":38,"href":"https:\/\/alherrerajrcpa.com\/es\/wp-json\/wp\/v2\/pages\/37\/revisions\/38"}],"wp:attachment":[{"href":"https:\/\/alherrerajrcpa.com\/es\/wp-json\/wp\/v2\/media?parent=37"}],"curies":[{"name":"wp","href":"https:\/\/api.w.org\/{rel}","templated":true}]}}